{"id":1202,"date":"2025-06-04T20:20:19","date_gmt":"2025-06-04T18:20:19","guid":{"rendered":"https:\/\/grimppassion.fr\/?page_id=1202"},"modified":"2025-08-27T09:58:48","modified_gmt":"2025-08-27T07:58:48","slug":"inscriptions-saison-2025-2026","status":"publish","type":"page","link":"https:\/\/grimppassion.fr\/?page_id=1202","title":{"rendered":"Inscriptions saison 2025 &#8211; 2026"},"content":{"rendered":"<div id=\"pl-1202\"  class=\"panel-layout\" ><div id=\"pg-1202-0\"  class=\"panel-grid panel-no-style\" ><div id=\"pgc-1202-0-0\"  class=\"panel-grid-cell\" ><div id=\"panel-1202-0-0-0\" class=\"so-panel widget widget_sow-editor panel-first-child panel-last-child\" data-index=\"0\" ><div\n\t\t\t\n\t\t\tclass=\"so-widget-sow-editor so-widget-sow-editor-base\"\n\t\t\t\n\t\t><h3 class=\"widget-title\">Fonctionnement des s\u00e9ances<\/h3>\n<div class=\"siteorigin-widget-tinymce textwidget\">\n\t<p>Pour des raisons de s\u00e9curit\u00e9, <strong>nous ne prenons pas les jeunes qui ont moins de 8 ans au 31\/12\/2025<\/strong>, car les jeunes doivent non seulement grimper, mais aussi assurer leurs camarades.<\/p>\n<p>Pour des raisons de s\u00e9curit\u00e9, le nombre de places est limit\u00e9 dans les s\u00e9ances jeunes.<\/p>\n<p>Le nombre de s\u00e9ances pour les jeunes, et donc par cons\u00e9quent le nombre de jeunes que nous pouvons accueillir, d\u00e9pend de la disponibilit\u00e9 des initiateurs et des aides initiateurs, qui sont tous b\u00e9n\u00e9voles.<\/p>\n<p>Les jeunes doivent imp\u00e9rativement s\u2019inscrire dans une s\u00e9ance qu\u2019ils gardent pendant toute la saison.<\/p>\n<p>Le nombre d'adultes que nous pouvons accueillir est lui aussi limit\u00e9, nous ne pouvons pas avoir un\u00a0 trop grand nombre de pratiquants sur le mur d'escalade.<\/p>\n<p>Il y a 3 s\u00e9ances adultes par semaine.<\/p>\n<p>Les adultes sont libres d'aller \u00e0 toutes les s\u00e9ances qu\u2019ils souhaitent.<\/p>\n<\/div>\n<\/div><\/div><\/div><\/div><div id=\"pg-1202-1\"  class=\"panel-grid panel-no-style\" ><div id=\"pgc-1202-1-0\"  class=\"panel-grid-cell\" ><div id=\"panel-1202-1-0-0\" class=\"so-panel widget widget_text panel-first-child panel-last-child\" data-index=\"1\" ><h3 class=\"widget-title\">Fonctionnement des inscriptions<\/h3>\t\t\t<div class=\"textwidget\"><p><strong>Le nombre d&rsquo;inscrits est limit\u00e9 aussi bien pour les jeunes que pour les adultes, pour des raisons de s\u00e9curit\u00e9 et par manque de place sur le mur d&rsquo;escalade<\/strong><\/p>\n<p>\u00ad*\u00a0 \u00a0 Les places dans les s\u00e9ances sont attribu\u00e9es en priorit\u00e9 aux adh\u00e9rents inscrits la saison pr\u00e9c\u00e9dente.<\/p>\n<p>*\u00a0 \u00a0 Les anciens adh\u00e9rents doivent r\u00e9server leur place par une pr\u00e9inscription en ligne \u00e0 faire imp\u00e9rativement entre le <strong>23 juin \u00e0 19h00<\/strong> et<strong> le 05 juillet \u00e0 20h00<\/strong>. Le lien vers le formulaire leur sera envoy\u00e9 par mail.<\/p>\n<p>*\u00a0 \u00a0 Dans le courant de l&rsquo;\u00e9t\u00e9, nous publierons sur le site internet les places encore disponibles par cr\u00e9neau.<\/p>\n<p>*\u00a0 \u00a0 Les nouveaux adh\u00e9rents doivent se pr\u00e9inscrire en ligne (internet) le dimanche <strong>31 ao\u00fbt \u00e0 14h00<\/strong>, les places sont attribu\u00e9es en fonction de l&rsquo;heure de connexion et des s\u00e9ances choisies (possibilit\u00e9 d&rsquo;en choisir plusieurs), nous communiquerons rapidement les r\u00e9sultats.<\/p>\n<p>*\u00a0 \u00a0 Tous les pr\u00e9inscrits (anciens adh\u00e9rents pr\u00e9inscrits au d\u00e9but de l&rsquo;\u00e9t\u00e9 et nouveaux adh\u00e9rents pr\u00e9inscrits le 31\/08) sont invit\u00e9s \u00e0 venir au gymnase de Fareins le 04\/09 ou le 05\/09 entre 17h30 et 20h30 pour r\u00e9aliser l&rsquo;inscription administrative (signature de la fiche d&rsquo;inscription, r\u00e8glement de l&rsquo;inscription). Ceux qui ne peuvent venir le 04 ou le 05 septembre doivent nous en informer, sinon leur place sera r\u00e9attribu\u00e9e.<\/p>\n<p><strong>Lien vers le formulaire de pr\u00e9inscription :\u00a0<a href=\"https:\/\/docs.google.com\/forms\/d\/e\/1FAIpQLSesRX7Bw-oHrBtKzkjjvb5YCDqYR4LJBT70OnirGD6qE8pFHA\/closedform\" target=\"_blank\" rel=\"noopener\">Formulaire d&rsquo;inscription<\/a><\/strong><\/p>\n<\/div>\n\t\t<\/div><\/div><\/div><div id=\"pg-1202-2\"  class=\"panel-grid panel-no-style\" ><div id=\"pgc-1202-2-0\"  class=\"panel-grid-cell\" ><div id=\"panel-1202-2-0-0\" class=\"so-panel widget widget_text panel-first-child\" data-index=\"2\" ><h3 class=\"widget-title\">Questionnaire sant\u00e9 ou certificat m\u00e9dical<\/h3>\t\t\t<div class=\"textwidget\"><p>Dans la majorit\u00e9 des cas, le certificat m\u00e9dical n&rsquo;est plus n\u00e9cessaire, les adh\u00e9rents doivent lire un questionnaire de sant\u00e9, et s&rsquo;ils r\u00e9pondent par non \u00e0 toutes les questions, il suffit de signer une attestation sur la fiche d&rsquo;inscription.<\/p>\n<p>Il existe un questionnaire de sant\u00e9, diff\u00e9rent pour les jeunes et pour les adultes.<\/p>\n<p>\u2666 <strong>Pour les jeunes<\/strong> ( moins de 18 ans en fin de saison le 31 ao\u00fbt 2026 ) :<\/p>\n<p>&#8211; si toutes les r\u00e9ponses aux questions sont \u00ab\u00a0NON\u00a0\u00bb=&gt; attestation sur la fiche d&rsquo;inscription<\/p>\n<p>&#8211; s&rsquo;il y a une r\u00e9ponse \u00ab\u00a0OUI\u00a0\u00bb au questionnaire =&gt; <strong>certificat m\u00e9dical<\/strong><\/p>\n<p>Faire figurer la mention \u00ab\u00a0y compris en comp\u00e9tition\u00a0\u00bb sur le certificat m\u00e9dical escalade.<\/p>\n<p><a href=\"http:\/\/grimppassion.fr\/wp-content\/uploads\/2024\/06\/2025-Questionnaire-sante-mineur-2024-2025.pdf\" target=\"_blank\" rel=\"noopener\">Questionnaire-sante-mineur<\/a><\/p>\n<p>\u2666 <strong>Pour les adultes<\/strong> ( 18 ans ou plus en fin de saison le 31 ao\u00fbt 2026 ) :<\/p>\n<p>&#8211; si toutes les r\u00e9ponses aux questions sont \u00ab\u00a0NON\u00a0\u00bb=&gt; attestation sur la fiche d&rsquo;inscription<\/p>\n<p>&#8211; s&rsquo;il y a une r\u00e9ponse \u00ab\u00a0OUI\u00a0\u00bb au questionnaire =&gt; <strong>certificat m\u00e9dical<\/strong><\/p>\n<p><a href=\"http:\/\/grimppassion.fr\/wp-content\/uploads\/2024\/06\/2025-Questionnaire-sante-adulte-2024-2025.pdf\" target=\"_blank\" rel=\"noopener\">Questionnaire Sante Adulte<\/a><\/p>\n<\/div>\n\t\t<\/div><div id=\"panel-1202-2-0-1\" class=\"so-panel widget widget_text panel-last-child\" data-index=\"3\" ><h3 class=\"widget-title\">Assurance<\/h3>\t\t\t<div class=\"textwidget\"><p>L&rsquo;inscription au club comporte une assurance.<\/p>\n<p>Le montant de la cotisation comprend la responsabilit\u00e9 civile (obligatoire) et une garantie individuelle de base (facultative).<\/p>\n<p>La garantie individuelle couvre les accidents lors de la pratique de l&rsquo;escalade mais aussi des autres activit\u00e9s g\u00e9r\u00e9es par la FFME (alpinisme, canyoning, randonn\u00e9es en montagne,..) elle couvre aussi les frais de recherche et de secours en montagne en France (hors pistes de ski).<\/p>\n<p>Les adh\u00e9rents peuvent refuser la garantie individuelle qui sera alors d\u00e9duite de leur cotisation, mais ils doivent v\u00e9rifier qu&rsquo;ils sont bien couverts par une autre assurance.<\/p>\n<p>Pour en savoir plus : <a href=\"http:\/\/grimppassion.fr\/wp-content\/uploads\/2025\/06\/2026-Assurance_Vadh.pdf\" target=\"_blank\" rel=\"noopener\">Assurance explications<\/a><\/p>\n<p>Notice d\u00e9mat\u00e9rialis\u00e9e : <a href=\"http:\/\/grimppassion.fr\/wp-content\/uploads\/2025\/06\/2026-notice-assurance.pdf\" target=\"_blank\" rel=\"noopener\">2026-notice-assurance<\/a><\/p>\n<p>&nbsp;<\/p>\n<\/div>\n\t\t<\/div><\/div><div id=\"pgc-1202-2-1\"  class=\"panel-grid-cell\" ><div id=\"panel-1202-2-1-0\" class=\"so-panel widget widget_text panel-first-child\" data-index=\"4\" ><h3 class=\"widget-title\">Tarifs<\/h3>\t\t\t<div class=\"textwidget\"><p>Cette ann\u00e9e, augmentation des tarifs de 10 \u20ac pour suivre l&rsquo;augmentation du co\u00fbt des licences d\u00e9cid\u00e9 par la FFME<\/p>\n<p>&#8211; jeune (moins de 18 ans le 01\/09\/2026) : 162 \u20ac<\/p>\n<p>&#8211; adulte (18 ans ou plus le 01\/09\/2026) : 190 \u20ac<\/p>\n<p>Ce sont les tarifs pour 1 personne avec assurance individuelle de base.<\/p>\n<p>Les tarifs peuvent varier l\u00e9g\u00e8rement (nombre d&rsquo;inscrits dans la famille, options d&rsquo;assurance)<\/p>\n<p>Les tarifs comprennent la licence, l&rsquo;assurance et la cotisation du club.<\/p>\n<p><a href=\"http:\/\/grimppassion.fr\/wp-content\/uploads\/2025\/06\/2026-Cotisations.pdf\" target=\"_blank\" rel=\"noopener\">Tarifs 2026<\/a><\/p>\n<\/div>\n\t\t<\/div><div id=\"panel-1202-2-1-1\" class=\"so-panel widget widget_text\" data-index=\"5\" ><h3 class=\"widget-title\">Modes de paiement<\/h3>\t\t\t<div class=\"textwidget\"><p>Esp\u00e8ces, ch\u00e8ques, ch\u00e8ques vacances, coupons sport, ch\u00e8ques Up sport et loisirs, carte jeunes de l&rsquo;Ain, pass&rsquo;r\u00e9gion, pass&rsquo;sport<\/p>\n<\/div>\n\t\t<\/div><div id=\"panel-1202-2-1-2\" class=\"so-panel widget widget_text panel-last-child\" data-index=\"6\" ><h3 class=\"widget-title\">Documents divers<\/h3>\t\t\t<div class=\"textwidget\"><p><a href=\"http:\/\/grimppassion.fr\/wp-content\/uploads\/2024\/06\/2025-Reglement-interne_v2019.pdf\" target=\"_blank\" rel=\"noopener\">R\u00e8glement interne Grimp&rsquo;Passion<\/a><\/p>\n<p><a href=\"http:\/\/grimppassion.fr\/wp-content\/uploads\/2024\/06\/2025-Charte-ethique.pdf\" target=\"_blank\" rel=\"noopener\">Charte \u00e9thique de la FFME<\/a><\/p>\n<p><a href=\"http:\/\/grimppassion.fr\/wp-content\/uploads\/2025\/06\/2026_creneaux-1.pdf\">Cr\u00e9neaux 2026<\/a><\/p>\n<\/div>\n\t\t<\/div><\/div><\/div><\/div>","protected":false},"excerpt":{"rendered":"<p>Pour des raisons de s\u00e9curit\u00e9, nous ne prenons pas les jeunes qui ont moins de 8 ans au 31\/12\/2025, car les jeunes doivent non seulement grimper, mais aussi assurer leurs camarades. Pour des raisons de s\u00e9curit\u00e9, le nombre de places est limit\u00e9 dans les s\u00e9ances jeunes. Le nombre de s\u00e9ances pour les jeunes, et donc [&hellip;]<\/p>\n","protected":false},"author":3,"featured_media":0,"parent":0,"menu_order":0,"comment_status":"closed","ping_status":"closed","template":"","meta":{"footnotes":""},"class_list":["post-1202","page","type-page","status-publish","hentry"],"_links":{"self":[{"href":"https:\/\/grimppassion.fr\/index.php?rest_route=\/wp\/v2\/pages\/1202","targetHints":{"allow":["GET"]}}],"collection":[{"href":"https:\/\/grimppassion.fr\/index.php?rest_route=\/wp\/v2\/pages"}],"about":[{"href":"https:\/\/grimppassion.fr\/index.php?rest_route=\/wp\/v2\/types\/page"}],"author":[{"embeddable":true,"href":"https:\/\/grimppassion.fr\/index.php?rest_route=\/wp\/v2\/users\/3"}],"replies":[{"embeddable":true,"href":"https:\/\/grimppassion.fr\/index.php?rest_route=%2Fwp%2Fv2%2Fcomments&post=1202"}],"version-history":[{"count":47,"href":"https:\/\/grimppassion.fr\/index.php?rest_route=\/wp\/v2\/pages\/1202\/revisions"}],"predecessor-version":[{"id":1326,"href":"https:\/\/grimppassion.fr\/index.php?rest_route=\/wp\/v2\/pages\/1202\/revisions\/1326"}],"wp:attachment":[{"href":"https:\/\/grimppassion.fr\/index.php?rest_route=%2Fwp%2Fv2%2Fmedia&parent=1202"}],"curies":[{"name":"wp","href":"https:\/\/api.w.org\/{rel}","templated":true}]}}