{"id":153,"date":"2021-08-22T14:12:54","date_gmt":"2021-08-22T12:12:54","guid":{"rendered":"http:\/\/grimppassion.fr\/?page_id=153"},"modified":"2022-09-29T15:27:57","modified_gmt":"2022-09-29T13:27:57","slug":"liens-utiles","status":"publish","type":"page","link":"https:\/\/grimppassion.fr\/?page_id=153","title":{"rendered":"Liens utiles"},"content":{"rendered":"<div id=\"pl-153\"  class=\"panel-layout\" ><div id=\"pg-153-0\"  class=\"panel-grid panel-no-style\" ><div id=\"pgc-153-0-0\"  class=\"panel-grid-cell\" ><div id=\"panel-153-0-0-0\" class=\"so-panel widget widget_sow-editor panel-first-child panel-last-child\" data-index=\"0\" ><div\n\t\t\t\n\t\t\tclass=\"so-widget-sow-editor so-widget-sow-editor-base\"\n\t\t\t\n\t\t>\n<div class=\"siteorigin-widget-tinymce textwidget\">\n\t<h3><span style=\"color: #3366ff;\"><u>Liens\u00a0<\/u>:<\/span><\/h3>\n<p>Le site de la f\u00e9d\u00e9ration :\u00a0\u00a0\u00a0\u00a0\u00a0\u00a0\u00a0\u00a0\u00a0\u00a0\u00a0\u00a0\u00a0\u00a0\u00a0\u00a0\u00a0 \u00a0\u00a0\u00a0\u00a0\u00a0\u00a0\u00a0\u00a0\u00a0\u00a0\u00a0 \u00a0\u00a0\u00a0\u00a0\u00a0\u00a0\u00a0 <a href=\"http:\/\/www.ffme.fr\/\">http:\/\/www.ffme.fr\/<\/a><\/p>\n<p>Le site du comit\u00e9 territorial de de l'Ain\u00a0 \u00a0 \u00a0 \u00a0 \u00a0 \u00a0 \u00a0\u00a0<a href=\"https:\/\/ffme01.fr\/\">https:\/\/ffme01.fr\/<\/a><\/p>\n<p>Le site de la ligue r\u00e9gionale :\u00a0\u00a0\u00a0\u00a0\u00a0\u00a0\u00a0\u00a0\u00a0\u00a0 \u00a0\u00a0\u00a0\u00a0\u00a0\u00a0\u00a0\u00a0\u00a0\u00a0\u00a0\u00a0\u00a0\u00a0\u00a0\u00a0\u00a0\u00a0\u00a0\u00a0\u00a0\u00a0 <a href=\"https:\/\/www.ffmeaura.fr\/\">https:\/\/www.ffmeaura.fr\/<\/a><\/p>\n<p>L'annuaire des sites naturels d'escalade : \u00a0\u00a0\u00a0\u00a0\u00a0\u00a0\u00a0\u00a0\u00a0 <a href=\"http:\/\/climbingaway.fr\/\">http:\/\/climbingaway.fr\/<\/a><\/p>\n<p>Le site de la communaut\u00e9 des montagnards :\u00a0\u00a0\u00a0 <a href=\"http:\/\/www.camptocamp.org\/\">http:\/\/www.camptocamp.org\/<\/a><\/p>\n<p>&nbsp;<\/p>\n<p>&nbsp;<\/p>\n<\/div>\n<\/div><\/div><\/div><div id=\"pgc-153-0-1\"  class=\"panel-grid-cell\" ><div id=\"panel-153-0-1-0\" class=\"so-panel widget widget_sow-editor panel-first-child panel-last-child\" data-index=\"1\" ><div\n\t\t\t\n\t\t\tclass=\"so-widget-sow-editor so-widget-sow-editor-base\"\n\t\t\t\n\t\t>\n<div class=\"siteorigin-widget-tinymce textwidget\">\n\t<h3><span style=\"color: #3366ff;\"><u>Partenaires :<\/u><\/span><\/h3>\n<p>La commune de Jassans-Riottier :\u00a0\u00a0\u00a0\u00a0\u00a0\u00a0\u00a0\u00a0\u00a0\u00a0\u00a0\u00a0\u00a0 \u00a0\u00a0 <a href=\"http:\/\/www.jassansriottier.fr\/\">http:\/\/www.jassansriottier.fr\/<\/a><\/p>\n<p>La communaut\u00e9 de communes (CCDSV) : <a href=\"http:\/\/ccdsv.fr\/\">http:\/\/ccdsv.fr\/<\/a><\/p>\n<p>La r\u00e9gion : \u00a0\u00a0\u00a0\u00a0\u00a0\u00a0\u00a0\u00a0\u00a0\u00a0\u00a0\u00a0\u00a0\u00a0\u00a0\u00a0\u00a0\u00a0\u00a0\u00a0\u00a0\u00a0\u00a0\u00a0\u00a0\u00a0\u00a0\u00a0\u00a0\u00a0\u00a0\u00a0\u00a0\u00a0\u00a0\u00a0\u00a0\u00a0\u00a0 \u00a0\u00a0\u00a0\u00a0\u00a0\u00a0\u00a0\u00a0\u00a0\u00a0\u00a0\u00a0\u00a0\u00a0\u00a0<a href=\"https:\/\/www.auvergnerhonealpes.fr\/\">https:\/\/www.auvergnerhonealpes.fr\/<\/a><\/p>\n<\/div>\n<\/div><\/div><\/div><\/div><div id=\"pg-153-1\"  class=\"panel-grid panel-no-style\" ><div id=\"pgc-153-1-0\"  class=\"panel-grid-cell\" ><div id=\"panel-153-1-0-0\" class=\"so-panel widget widget_sow-editor panel-first-child panel-last-child\" data-index=\"2\" ><div\n\t\t\t\n\t\t\tclass=\"so-widget-sow-editor so-widget-sow-editor-base\"\n\t\t\t\n\t\t>\n<div class=\"siteorigin-widget-tinymce textwidget\">\n\t<h4 style=\"text-align: center;\"><a href=\"http:\/\/grimppassion.fr\/wp-content\/uploads\/2021\/08\/sigle-FFME.jpg\">Grimp'Passion est un club affili\u00e9 \u00e0 la FFME (F\u00e9d\u00e9ration Fran\u00e7aise de Montagne et d'Escalade)<img loading=\"lazy\" decoding=\"async\" class=\"wp-image-165 aligncenter\" src=\"http:\/\/grimppassion.fr\/wp-content\/uploads\/2021\/08\/sigle-FFME.jpg\" alt=\"\" width=\"289\" height=\"101\" srcset=\"https:\/\/grimppassion.fr\/wp-content\/uploads\/2021\/08\/sigle-FFME.jpg 546w, https:\/\/grimppassion.fr\/wp-content\/uploads\/2021\/08\/sigle-FFME-300x105.jpg 300w\" sizes=\"auto, (max-width: 289px) 100vw, 289px\" \/><\/a><\/h4>\n<\/div>\n<\/div><\/div><\/div><\/div><\/div>","protected":false},"excerpt":{"rendered":"<p>Liens\u00a0: Le site de la f\u00e9d\u00e9ration :\u00a0\u00a0\u00a0\u00a0\u00a0\u00a0\u00a0\u00a0\u00a0\u00a0\u00a0\u00a0\u00a0\u00a0\u00a0\u00a0\u00a0 \u00a0\u00a0\u00a0\u00a0\u00a0\u00a0\u00a0\u00a0\u00a0\u00a0\u00a0 \u00a0\u00a0\u00a0\u00a0\u00a0\u00a0\u00a0 http:\/\/www.ffme.fr\/ Le site du comit\u00e9 territorial de de l&rsquo;Ain\u00a0 \u00a0 \u00a0 \u00a0 \u00a0 \u00a0 \u00a0\u00a0https:\/\/ffme01.fr\/ Le site de la ligue r\u00e9gionale :\u00a0\u00a0\u00a0\u00a0\u00a0\u00a0\u00a0\u00a0\u00a0\u00a0 \u00a0\u00a0\u00a0\u00a0\u00a0\u00a0\u00a0\u00a0\u00a0\u00a0\u00a0\u00a0\u00a0\u00a0\u00a0\u00a0\u00a0\u00a0\u00a0\u00a0\u00a0\u00a0 https:\/\/www.ffmeaura.fr\/ L&rsquo;annuaire des sites naturels d&rsquo;escalade : \u00a0\u00a0\u00a0\u00a0\u00a0\u00a0\u00a0\u00a0\u00a0 http:\/\/climbingaway.fr\/ Le site de la communaut\u00e9 des montagnards :\u00a0\u00a0\u00a0 http:\/\/www.camptocamp.org\/ &nbsp; &nbsp; Partenaires : La [&hellip;]<\/p>\n","protected":false},"author":1,"featured_media":0,"parent":0,"menu_order":0,"comment_status":"closed","ping_status":"closed","template":"","meta":{"footnotes":""},"class_list":["post-153","page","type-page","status-publish","hentry"],"_links":{"self":[{"href":"https:\/\/grimppassion.fr\/index.php?rest_route=\/wp\/v2\/pages\/153","targetHints":{"allow":["GET"]}}],"collection":[{"href":"https:\/\/grimppassion.fr\/index.php?rest_route=\/wp\/v2\/pages"}],"about":[{"href":"https:\/\/grimppassion.fr\/index.php?rest_route=\/wp\/v2\/types\/page"}],"author":[{"embeddable":true,"href":"https:\/\/grimppassion.fr\/index.php?rest_route=\/wp\/v2\/users\/1"}],"replies":[{"embeddable":true,"href":"https:\/\/grimppassion.fr\/index.php?rest_route=%2Fwp%2Fv2%2Fcomments&post=153"}],"version-history":[{"count":11,"href":"https:\/\/grimppassion.fr\/index.php?rest_route=\/wp\/v2\/pages\/153\/revisions"}],"predecessor-version":[{"id":637,"href":"https:\/\/grimppassion.fr\/index.php?rest_route=\/wp\/v2\/pages\/153\/revisions\/637"}],"wp:attachment":[{"href":"https:\/\/grimppassion.fr\/index.php?rest_route=%2Fwp%2Fv2%2Fmedia&parent=153"}],"curies":[{"name":"wp","href":"https:\/\/api.w.org\/{rel}","templated":true}]}}