{"id":169,"date":"2021-08-22T17:22:10","date_gmt":"2021-08-22T15:22:10","guid":{"rendered":"http:\/\/grimppassion.fr\/?page_id=169"},"modified":"2023-12-06T14:05:43","modified_gmt":"2023-12-06T13:05:43","slug":"activites","status":"publish","type":"page","link":"https:\/\/grimppassion.fr\/?page_id=169","title":{"rendered":"Activit\u00e9s"},"content":{"rendered":"<div id=\"pl-169\"  class=\"panel-layout\" ><div id=\"pg-169-0\"  class=\"panel-grid panel-has-style\" ><div class=\"siteorigin-panels-stretch panel-row-style panel-row-style-for-169-0\" data-stretch-type=\"full-stretched\" ><div id=\"pgc-169-0-0\"  class=\"panel-grid-cell\" ><div id=\"panel-169-0-0-0\" class=\"so-panel widget widget_sow-headline panel-first-child panel-last-child\" data-index=\"0\" ><div\n\t\t\t\n\t\t\tclass=\"so-widget-sow-headline so-widget-sow-headline-default-c07d3bfe1d59-169\"\n\t\t\t\n\t\t><div class=\"sow-headline-container \">\n\t\t\t\t\t\t\t<h2 class=\"sow-headline\">\n\t\t\t\t\t\tL'escalade\t\t\t\t\t\t<\/h2>\n\t\t\t\t\t\t\t\t\t\t\t<div class=\"decoration\">\n\t\t\t\t\t\t<div class=\"decoration-inside\"><\/div>\n\t\t\t\t\t<\/div>\n\t\t\t\t\t<\/div>\n<\/div><\/div><\/div><\/div><\/div><div id=\"pg-169-1\"  class=\"panel-grid panel-no-style\" ><div id=\"pgc-169-1-0\"  class=\"panel-grid-cell\" ><div id=\"panel-169-1-0-0\" class=\"so-panel widget widget_sow-hero panel-first-child\" data-index=\"1\" ><div\n\t\t\t\n\t\t\tclass=\"so-widget-sow-hero so-widget-sow-hero-default-08bc2e9b9e87-169 so-widget-fittext-wrapper\"\n\t\t\t data-fit-text-compressor=\"0.85\"\n\t\t>\t\t\t\t<div class=\"sow-slider-base\" style=\"display: none\" tabindex=\"0\">\n\t\t\t\t\t<ul\n\t\t\t\t\tclass=\"sow-slider-images\"\n\t\t\t\t\tdata-settings=\"{&quot;pagination&quot;:true,&quot;speed&quot;:800,&quot;timeout&quot;:8000,&quot;paused&quot;:true,&quot;pause_on_hover&quot;:false,&quot;swipe&quot;:true,&quot;nav_always_show_desktop&quot;:&quot;&quot;,&quot;nav_always_show_mobile&quot;:&quot;&quot;,&quot;breakpoint&quot;:&quot;780px&quot;,&quot;unmute&quot;:false,&quot;anchor&quot;:null}\"\n\t\t\t\t\t\t\t\t\t\tdata-anchor-id=\"\"\n\t\t\t\t>\t\t<li class=\"sow-slider-image  sow-slider-image-cover\" style=\"visibility: visible;;background-color: #333333\" >\n\t\t\t\t\t<div class=\"sow-slider-image-container\">\n\t\t\t<div class=\"sow-slider-image-wrapper\">\n\t\t\t\t<p style=\"text-align: center\"><em><span style=\"color: #ffff00\">L'escalade en salle<\/span><\/em><\/p>\n\t\t\t<\/div>\n\t\t<\/div>\n\t\t<div class=\"sow-slider-image-overlay sow-slider-image-cover\" style=\"opacity: 0.5;background-image: url(https:\/\/grimppassion.fr\/wp-content\/uploads\/2021\/08\/Coupe_de_Ain_Fareins_2019-42.jpg)\"  ><\/div>\t\t<\/li>\n\t\t<\/ul>\t\t\t\t<ol class=\"sow-slider-pagination\">\n\t\t\t\t\t\t\t\t\t\t\t<li><a href=\"#\" data-goto=\"0\" aria-label=\"Display slide 1\"><\/a><\/li>\n\t\t\t\t\t\t\t\t\t<\/ol>\n\n\t\t\t\t<div class=\"sow-slide-nav sow-slide-nav-next\">\n\t\t\t\t\t<a href=\"#\" data-goto=\"next\" aria-label=\"Next slide\" data-action=\"next\">\n\t\t\t\t\t\t<em class=\"sow-sld-icon-thin-right\"><\/em>\n\t\t\t\t\t<\/a>\n\t\t\t\t<\/div>\n\n\t\t\t\t<div class=\"sow-slide-nav sow-slide-nav-prev\">\n\t\t\t\t\t<a href=\"#\" data-goto=\"previous\" aria-label=\"Previous slide\" data-action=\"prev\">\n\t\t\t\t\t\t<em class=\"sow-sld-icon-thin-left\"><\/em>\n\t\t\t\t\t<\/a>\n\t\t\t\t<\/div>\n\t\t\t\t<\/div><\/div><\/div><div id=\"panel-169-1-0-1\" class=\"so-panel widget widget_sow-editor panel-last-child\" data-index=\"2\" ><div\n\t\t\t\n\t\t\tclass=\"so-widget-sow-editor so-widget-sow-editor-base\"\n\t\t\t\n\t\t>\n<div class=\"siteorigin-widget-tinymce textwidget\">\n\t<p>Tous les cours et entra\u00eenements ont lieu dans le complexe sportif de Fareins ou le gymnase du coll\u00e8ge de Reyrieux.<\/p>\n<p>&nbsp;<\/p>\n<p>Les murs, encore appel\u00e9s S.A.E. (Structure Artificielle d'Escalade) sont des lieux abrit\u00e9s o\u00f9 les grimpeurs peuvent s'entra\u00eener et progresser dans des conditions de s\u00e9curit\u00e9 optimales.<\/p>\n<p>&nbsp;<\/p>\n<p>Pour les enfants nous proposons 1 s\u00e9ance hebdomadaire dans l'un des gymnases (selon cr\u00e9neau choisi).<\/p>\n<p>&nbsp;<\/p>\n<p>Pour les adultes nous proposons 3 s\u00e9ances hebdomadaires \u00e0 Fareins.<\/p>\n<p>&nbsp;<\/p>\n<p>Les s\u00e9ances enfants se font par groupes d'une douzaine encadr\u00e9s par au moins un initiateur.<\/p>\n<h2 style=\"text-align: left;\"><em> \u00a0<\/em><\/h2>\n<\/div>\n<\/div><\/div><\/div><div id=\"pgc-169-1-1\"  class=\"panel-grid-cell\" ><div id=\"panel-169-1-1-0\" class=\"so-panel widget widget_sow-hero panel-first-child\" data-index=\"3\" ><div\n\t\t\t\n\t\t\tclass=\"so-widget-sow-hero so-widget-sow-hero-default-08bc2e9b9e87-169 so-widget-fittext-wrapper\"\n\t\t\t data-fit-text-compressor=\"0.85\"\n\t\t>\t\t\t\t<div class=\"sow-slider-base\" style=\"display: none\" tabindex=\"0\">\n\t\t\t\t\t<ul\n\t\t\t\t\tclass=\"sow-slider-images\"\n\t\t\t\t\tdata-settings=\"{&quot;pagination&quot;:true,&quot;speed&quot;:800,&quot;timeout&quot;:8000,&quot;paused&quot;:true,&quot;pause_on_hover&quot;:false,&quot;swipe&quot;:true,&quot;nav_always_show_desktop&quot;:&quot;&quot;,&quot;nav_always_show_mobile&quot;:&quot;&quot;,&quot;breakpoint&quot;:&quot;780px&quot;,&quot;unmute&quot;:false,&quot;anchor&quot;:null}\"\n\t\t\t\t\t\t\t\t\t\tdata-anchor-id=\"\"\n\t\t\t\t>\t\t<li class=\"sow-slider-image  sow-slider-image-cover\" style=\"visibility: visible;;background-color: #333333\" >\n\t\t\t\t\t<div class=\"sow-slider-image-container\">\n\t\t\t<div class=\"sow-slider-image-wrapper\">\n\t\t\t\t<p style=\"text-align: center\"><em><span style=\"color: #00ffff\">Sorties en falaise<\/span><\/em><\/p>\n\t\t\t<\/div>\n\t\t<\/div>\n\t\t<div class=\"sow-slider-image-overlay sow-slider-image-cover\" style=\"opacity: 0.5;background-image: url(https:\/\/grimppassion.fr\/wp-content\/uploads\/2021\/08\/03072020-03072020-_DSC0061-Modifier-scaled.jpg)\"  ><\/div>\t\t<\/li>\n\t\t<\/ul>\t\t\t\t<ol class=\"sow-slider-pagination\">\n\t\t\t\t\t\t\t\t\t\t\t<li><a href=\"#\" data-goto=\"0\" aria-label=\"Display slide 1\"><\/a><\/li>\n\t\t\t\t\t\t\t\t\t<\/ol>\n\n\t\t\t\t<div class=\"sow-slide-nav sow-slide-nav-next\">\n\t\t\t\t\t<a href=\"#\" data-goto=\"next\" aria-label=\"Next slide\" data-action=\"next\">\n\t\t\t\t\t\t<em class=\"sow-sld-icon-thin-right\"><\/em>\n\t\t\t\t\t<\/a>\n\t\t\t\t<\/div>\n\n\t\t\t\t<div class=\"sow-slide-nav sow-slide-nav-prev\">\n\t\t\t\t\t<a href=\"#\" data-goto=\"previous\" aria-label=\"Previous slide\" data-action=\"prev\">\n\t\t\t\t\t\t<em class=\"sow-sld-icon-thin-left\"><\/em>\n\t\t\t\t\t<\/a>\n\t\t\t\t<\/div>\n\t\t\t\t<\/div><\/div><\/div><div id=\"panel-169-1-1-1\" class=\"so-panel widget widget_sow-editor panel-last-child\" data-index=\"4\" ><div\n\t\t\t\n\t\t\tclass=\"so-widget-sow-editor so-widget-sow-editor-base\"\n\t\t\t\n\t\t>\n<div class=\"siteorigin-widget-tinymce textwidget\">\n\t<h2 style=\"margin: 0cm; text-align: left;\" align=\"center\"><i><span style=\"font-family: 'Arial',sans-serif;\">Adultes<\/span><\/i><\/h2>\n<p style=\"text-align: left;\">Une sortie mensuelle planifi\u00e9e dans le calendrier des sorties. Nous grimpons sur les falaises de la r\u00e9gion.<\/p>\n<p>&nbsp;<\/p>\n<p>Une sortie annuelle de plusieurs jours durant un week-end prolong\u00e9 (Ascension, Pentec\u00f4te)<\/p>\n<hr \/>\n<h2 style=\"margin: 0cm; text-align: left;\" align=\"center\"><i><span style=\"font-family: 'Arial',sans-serif;\">Jeunes<\/span><\/i><\/h2>\n<p>Une sortie annuelle en mai ou juin, les enfants \u00e9tant r\u00e9partis en plusieurs groupes<\/p>\n<\/div>\n<\/div><\/div><\/div><div id=\"pgc-169-1-2\"  class=\"panel-grid-cell\" ><div id=\"panel-169-1-2-0\" class=\"so-panel widget widget_sow-hero panel-first-child\" data-index=\"5\" ><div\n\t\t\t\n\t\t\tclass=\"so-widget-sow-hero so-widget-sow-hero-default-08bc2e9b9e87-169 so-widget-fittext-wrapper\"\n\t\t\t data-fit-text-compressor=\"0.85\"\n\t\t>\t\t\t\t<div class=\"sow-slider-base\" style=\"display: none\" tabindex=\"0\">\n\t\t\t\t\t<ul\n\t\t\t\t\tclass=\"sow-slider-images\"\n\t\t\t\t\tdata-settings=\"{&quot;pagination&quot;:true,&quot;speed&quot;:800,&quot;timeout&quot;:8000,&quot;paused&quot;:true,&quot;pause_on_hover&quot;:false,&quot;swipe&quot;:true,&quot;nav_always_show_desktop&quot;:&quot;&quot;,&quot;nav_always_show_mobile&quot;:&quot;&quot;,&quot;breakpoint&quot;:&quot;780px&quot;,&quot;unmute&quot;:false,&quot;anchor&quot;:null}\"\n\t\t\t\t\t\t\t\t\t\tdata-anchor-id=\"\"\n\t\t\t\t>\t\t<li class=\"sow-slider-image  sow-slider-image-cover\" style=\"visibility: visible;;background-color: #333333\" >\n\t\t\t\t\t<div class=\"sow-slider-image-container\">\n\t\t\t<div class=\"sow-slider-image-wrapper\">\n\t\t\t\t<p style=\"text-align: center\"><span style=\"color: #00ff00\"><em>Les comp\u00e9titions<\/em><\/span><\/p>\n\t\t\t<\/div>\n\t\t<\/div>\n\t\t<div class=\"sow-slider-image-overlay sow-slider-image-cover\" style=\"opacity: 0.5;background-image: url(https:\/\/grimppassion.fr\/wp-content\/uploads\/2021\/08\/15_12_19_Ain_roc-15-scaled.jpg)\"  ><\/div>\t\t<\/li>\n\t\t<\/ul>\t\t\t\t<ol class=\"sow-slider-pagination\">\n\t\t\t\t\t\t\t\t\t\t\t<li><a href=\"#\" data-goto=\"0\" aria-label=\"Display slide 1\"><\/a><\/li>\n\t\t\t\t\t\t\t\t\t<\/ol>\n\n\t\t\t\t<div class=\"sow-slide-nav sow-slide-nav-next\">\n\t\t\t\t\t<a href=\"#\" data-goto=\"next\" aria-label=\"Next slide\" data-action=\"next\">\n\t\t\t\t\t\t<em class=\"sow-sld-icon-thin-right\"><\/em>\n\t\t\t\t\t<\/a>\n\t\t\t\t<\/div>\n\n\t\t\t\t<div class=\"sow-slide-nav sow-slide-nav-prev\">\n\t\t\t\t\t<a href=\"#\" data-goto=\"previous\" aria-label=\"Previous slide\" data-action=\"prev\">\n\t\t\t\t\t\t<em class=\"sow-sld-icon-thin-left\"><\/em>\n\t\t\t\t\t<\/a>\n\t\t\t\t<\/div>\n\t\t\t\t<\/div><\/div><\/div><div id=\"panel-169-1-2-1\" class=\"so-panel widget widget_sow-editor panel-last-child\" data-index=\"6\" ><div\n\t\t\t\n\t\t\tclass=\"so-widget-sow-editor so-widget-sow-editor-base\"\n\t\t\t\n\t\t>\n<div class=\"siteorigin-widget-tinymce textwidget\">\n\t<p style=\"margin: 0cm;\">Grimp'Passion est un club qui privil\u00e9gie la pratique de loisir, mais n\u00e9anmoins il propose aux grimpeurs de participer \u00e0 quelques comp\u00e9titions et organise traditionnellement une manche de la coupe de l'Ain \u00e0 Fareins.<\/p>\n<p>&nbsp;<\/p>\n<h2 style=\"margin: 0cm; text-align: center;\" align=\"center\"><i><span style=\"font-family: 'Arial',sans-serif;\">La coupe de l'Ain<\/span><\/i><\/h2>\n<p>Quatre ou cinq des principaux clubs de l'Ain organisent une comp\u00e9tition. Chaque comp\u00e9tition permet aux grimpeurs de marquer des points en fonction de leur classement.<\/p>\n<p style=\"margin: 12.0pt 0cm 0cm 0cm;\">A la fin de la saison, les grimpeurs qui ont le plus de points dans leur cat\u00e9gorie remportent la coupe de l'Ain.<\/p>\n<p style=\"margin: 12.0pt 0cm 0cm 0cm;\">Les \u00e9tapes de la coupe de l'Ain sont ouvertes \u00e0 tous.<\/p>\n<p>&nbsp;<\/p>\n<h2 style=\"margin: 0cm; text-align: center;\" align=\"center\"><i><span style=\"font-family: 'Arial',sans-serif;\">Les championnats d\u00e9partementaux<\/span><\/i><\/h2>\n<p>Ce sont 2 comp\u00e9titions o\u00f9 les participants concourent pour le titre de champion de l'Ain.<\/p>\n<ul>\n<li>1 comp\u00e9tition de bloc (sur une faible hauteur, sans corde)<\/li>\n<li>1 comp\u00e9tition de difficult\u00e9 (sur un mur comme celui de Fareins)<\/li>\n<\/ul>\n<p>Les championnats d\u00e9partementaux sont ouverts \u00e0 tous.<\/p>\n<\/div>\n<\/div><\/div><\/div><\/div><div id=\"pg-169-2\"  class=\"panel-grid panel-has-style\" ><div class=\"panel-row-style panel-row-style-for-169-2\" ><div id=\"pgc-169-2-0\"  class=\"panel-grid-cell\" ><div id=\"panel-169-2-0-0\" class=\"so-panel widget widget_sow-headline panel-first-child\" data-index=\"7\" ><div\n\t\t\t\n\t\t\tclass=\"so-widget-sow-headline so-widget-sow-headline-default-cc52c1246219-169 so-widget-fittext-wrapper\"\n\t\t\t data-fit-text-compressor=\"0.85\"\n\t\t><div class=\"sow-headline-container \">\n\t\t\t\t\t\t\t<h1 class=\"sow-headline\">\n\t\t\t\t\t\tAutres informations\t\t\t\t\t\t<\/h1>\n\t\t\t\t\t\t<\/div>\n<\/div><\/div><div id=\"panel-169-2-0-1\" class=\"so-panel widget widget_sow-features panel-last-child\" data-index=\"8\" ><div class=\"panel-widget-style panel-widget-style-for-169-2-0-1\" ><div\n\t\t\t\n\t\t\tclass=\"so-widget-sow-features so-widget-sow-features-default-816017e1a15f-169\"\n\t\t\t\n\t\t><ul\n\tclass=\"sow-features-list\n\tsow-features-responsive\">\n\n\t\t\t<li\n\t\t\tclass=\"sow-features-feature sow-icon-container-position-top\"\n\t\t\tstyle=\"display: flex; flex-direction: column; width: calc(33.333% - 25px);\"\n\t\t>\n\t\t\t\n\t\t\t\t\t\t<div\t\t\t\tclass=\"sow-icon-container sow-container-none\"\n\t\t\t\tstyle=\"color: #404040; \"\n\t\t\t\t\n\t\t\t\t\t\t\t>\n\t\t\t\t<span class=\"sow-icon-fontawesome sow-fas\" data-sow-icon=\"&#xf00c;\"\n\t\tstyle=\"font-size: 48px; color: #333333\" \n\t\taria-hidden=\"true\"><\/span>\t\t\t<\/div>\n\n\t\t\t<div class=\"textwidget\">\n\t\t\t\t\n\t\t\t\t\t\t\t\t\t<h5 class=\"sow-features-feature-title\">\n\t\t\t\t\t\tPr\u00eat de mat\u00e9riel\t\t\t\t\t<\/h5>\n\t\t\t\t\n\t\t\t\t\t\t\t\t\t<div class=\"sow-features-feature-text\">\n\t\t\t\t\t<p>Le club met \u00e0 la disposition de ses adh\u00e9rents tout le mat\u00e9riel de s\u00e9curit\u00e9 n\u00e9cessaire pour grimper sur structure artificielle ou en site naturel lors des s\u00e9ances pr\u00e9vues au calendrier (corde, baudrier, mousquetons, casque, ...).<\/p>\n<p>Seuls les chaussons d'escalade, qui ne sont pas des \u00e9quipements de s\u00e9curit\u00e9, ne sont pas fournis.<\/p>\n\t\t\t\t\t<\/div>\n\t\t\t\t\t\t\t\t<\/div>\n\t\t\t\t\t\t\t\t<\/li>\n\n\t\t\t<li\n\t\t\tclass=\"sow-features-feature sow-icon-container-position-top\"\n\t\t\tstyle=\"display: flex; flex-direction: column; width: calc(33.333% - 25px);\"\n\t\t>\n\t\t\t\n\t\t\t\t\t\t<div\t\t\t\tclass=\"sow-icon-container sow-container-none\"\n\t\t\t\tstyle=\"color: #404040; \"\n\t\t\t\t\n\t\t\t\t\t\t\t>\n\t\t\t\t<span class=\"sow-icon-fontawesome sow-fas\" data-sow-icon=\"&#xf00c;\"\n\t\tstyle=\"font-size: 48px; color: #333333\" \n\t\taria-hidden=\"true\"><\/span>\t\t\t<\/div>\n\n\t\t\t<div class=\"textwidget\">\n\t\t\t\t\n\t\t\t\t\t\t\t\t\t<h5 class=\"sow-features-feature-title\">\n\t\t\t\t\t\tPasseports escalade\t\t\t\t\t<\/h5>\n\t\t\t\t\n\t\t\t\t\t\t\t\t\t<div class=\"sow-features-feature-text\">\n\t\t\t\t\t<p>L'entra\u00eenement permet aux grimpeurs de progresser dans le niveau de difficult\u00e9, mais aussi dans la ma\u00eetrise des techniques et manoeuvres de s\u00e9curit\u00e9, jusqu'\u00e0 atteindre l'autonomie compl\u00e8te sur Structure Artificielle d'Escalade.<\/p>\n<p>Pour mat\u00e9rialiser cette progression, la FFME a mis en place des passeports de couleurs.<\/p>\n<p>Grimp'Passion d\u00e9livre \u00e0 ses adh\u00e9rents, en fonction de leur niveau, le passeport blanc, le passeport jaune et le passeport orange.<\/p>\n\t\t\t\t\t<\/div>\n\t\t\t\t\t\t\t\t<\/div>\n\t\t\t\t\t\t\t\t<\/li>\n\n\t\t\t<li\n\t\t\tclass=\"sow-features-feature sow-icon-container-position-top\"\n\t\t\tstyle=\"display: flex; flex-direction: column; width: calc(33.333% - 25px);\"\n\t\t>\n\t\t\t\n\t\t\t\t\t\t<div\t\t\t\tclass=\"sow-icon-container sow-container-none\"\n\t\t\t\tstyle=\"color: #404040; \"\n\t\t\t\ttitle=\"Comp\u00e9titions\"\n\t\t\t\t\t\t\t>\n\t\t\t\t<span class=\"sow-icon-fontawesome sow-fas\" data-sow-icon=\"&#xf00c;\"\n\t\tstyle=\"font-size: 48px; color: #000000\" \n\t\taria-hidden=\"true\"><\/span>\t\t\t<\/div>\n\n\t\t\t<div class=\"textwidget\">\n\t\t\t\t\n\t\t\t\t\t\t\t\t\t<h5 class=\"sow-features-feature-title\">\n\t\t\t\t\t\tComp\u00e9titions\t\t\t\t\t<\/h5>\n\t\t\t\t\n\t\t\t\t\t\t\t\t\t<div class=\"sow-features-feature-text\">\n\t\t\t\t\t<p style=\"margin: 0cm;text-align: left\" align=\"center\">Le club finance l'inscription des participants \u00e0 la coupe de l'Ain et au championnats d\u00e9partementaux.<\/p>\n<p style=\"margin: 0cm\">D'autres comp\u00e9tions (coupe r\u00e9gionale, championnats r\u00e9gionaux, coupe de France,...) sont accessibles aux grimpeurs tr\u00e8s performants, sous r\u00e9serve d'\u00eatre autoris\u00e9s par le club \u00e0 y participer.<\/p>\n<p align=\"center\"><\/p>\t\t\t\t\t<\/div>\n\t\t\t\t\t\t\t\t<\/div>\n\t\t\t\t\t\t\t\t<\/li>\n\n\t<\/ul>\n<\/div><\/div><\/div><\/div><\/div><\/div><div id=\"pg-169-3\"  class=\"panel-grid panel-has-style\" ><div class=\"siteorigin-panels-stretch panel-row-style panel-row-style-for-169-3\" data-stretch-type=\"full-stretched\" ><div id=\"pgc-169-3-0\"  class=\"panel-grid-cell panel-grid-cell-empty panel-grid-cell-mobile-last\" ><\/div><div id=\"pgc-169-3-1\"  class=\"panel-grid-cell panel-grid-cell-empty\" ><\/div><\/div><\/div><\/div>","protected":false},"excerpt":{"rendered":"<p>Tous les cours et entra\u00eenements ont lieu dans le complexe sportif de Fareins ou le gymnase du coll\u00e8ge de Reyrieux. &nbsp; Les murs, encore appel\u00e9s S.A.E. (Structure Artificielle d&rsquo;Escalade) sont des lieux abrit\u00e9s o\u00f9 les grimpeurs peuvent s&rsquo;entra\u00eener et progresser dans des conditions de s\u00e9curit\u00e9 optimales. &nbsp; Pour les enfants nous proposons 1 s\u00e9ance hebdomadaire [&hellip;]<\/p>\n","protected":false},"author":1,"featured_media":0,"parent":0,"menu_order":0,"comment_status":"closed","ping_status":"closed","template":"","meta":{"footnotes":""},"class_list":["post-169","page","type-page","status-publish","hentry"],"_links":{"self":[{"href":"https:\/\/grimppassion.fr\/index.php?rest_route=\/wp\/v2\/pages\/169","targetHints":{"allow":["GET"]}}],"collection":[{"href":"https:\/\/grimppassion.fr\/index.php?rest_route=\/wp\/v2\/pages"}],"about":[{"href":"https:\/\/grimppassion.fr\/index.php?rest_route=\/wp\/v2\/types\/page"}],"author":[{"embeddable":true,"href":"https:\/\/grimppassion.fr\/index.php?rest_route=\/wp\/v2\/users\/1"}],"replies":[{"embeddable":true,"href":"https:\/\/grimppassion.fr\/index.php?rest_route=%2Fwp%2Fv2%2Fcomments&post=169"}],"version-history":[{"count":67,"href":"https:\/\/grimppassion.fr\/index.php?rest_route=\/wp\/v2\/pages\/169\/revisions"}],"predecessor-version":[{"id":844,"href":"https:\/\/grimppassion.fr\/index.php?rest_route=\/wp\/v2\/pages\/169\/revisions\/844"}],"wp:attachment":[{"href":"https:\/\/grimppassion.fr\/index.php?rest_route=%2Fwp%2Fv2%2Fmedia&parent=169"}],"curies":[{"name":"wp","href":"https:\/\/api.w.org\/{rel}","templated":true}]}}