{"id":233,"date":"2021-08-22T18:45:59","date_gmt":"2021-08-22T16:45:59","guid":{"rendered":"http:\/\/grimppassion.fr\/?page_id=233"},"modified":"2026-01-07T18:34:19","modified_gmt":"2026-01-07T17:34:19","slug":"le-club","status":"publish","type":"page","link":"https:\/\/grimppassion.fr\/?page_id=233","title":{"rendered":"Le club"},"content":{"rendered":"<div id=\"pl-233\"  class=\"panel-layout\" ><div id=\"pg-233-0\"  class=\"panel-grid panel-no-style\" ><div id=\"pgc-233-0-0\"  class=\"panel-grid-cell\" ><div id=\"panel-233-0-0-0\" class=\"so-panel widget widget_sow-editor panel-first-child panel-last-child\" data-index=\"0\" ><div\n\t\t\t\n\t\t\tclass=\"so-widget-sow-editor so-widget-sow-editor-base\"\n\t\t\t\n\t\t>\n<div class=\"siteorigin-widget-tinymce textwidget\">\n\t<p>Lien vers la page :\u00a0<a href=\"https:\/\/grimppassion.fr\/?page_id=1202\" target=\"_blank\" rel=\"noopener\">Inscriptions saison 2025 - 2026<\/a><\/p>\n<p><a href=\"https:\/\/grimppassion.fr\/?page_id=884\">Assembl\u00e9e G\u00e9n\u00e9rale<\/a><\/p>\n<\/div>\n<\/div><\/div><\/div><\/div><div id=\"pg-233-1\"  class=\"panel-grid panel-no-style\" ><div id=\"pgc-233-1-0\"  class=\"panel-grid-cell\" ><div id=\"panel-233-1-0-0\" class=\"so-panel widget widget_sow-editor panel-first-child panel-last-child\" data-index=\"1\" ><div\n\t\t\t\n\t\t\tclass=\"so-widget-sow-editor so-widget-sow-editor-base\"\n\t\t\t\n\t\t>\n<div class=\"siteorigin-widget-tinymce textwidget\">\n\t<h6>Grimp\u2019Passion est un club de l\u2019Ain dont l\u2019objectif est de favoriser la pratique de l\u2019escalade sur un territoire situ\u00e9 dans le sud-ouest du d\u00e9partement. Grimp\u2019Passion est affili\u00e9 \u00e0 la FFME (F\u00e9d\u00e9ration Fran\u00e7aise de Montagne et d\u2019Escalade), le nombre de membres est actuellement de 250.<\/h6>\n<p>&nbsp;<\/p>\n<h6>Cr\u00e9\u00e9 initialement par des Jassannais, Grimp\u2019Passion utilise depuis quelques ann\u00e9es les \u00e9quipements sportifs de la Communaut\u00e9 de Communes Dombes Sa\u00f4ne Vall\u00e9e\u00a0: le complexe sportif de Fareins et le gymnase du coll\u00e8ge de Reyrieux.<\/h6>\n<p>&nbsp;<\/p>\n<h6>Le club est orient\u00e9 vers une pratique de loisirs, tout en ayant mis en place un P\u00f4le Espoirs pour permettre aux jeunes les plus motiv\u00e9s de s\u2019entra\u00eener en vue des comp\u00e9titions d\u00e9partementales (Coupe de l\u2019Ain et Championnat).<\/h6>\n<p>&nbsp;<\/p>\n<h6>Si nos activit\u00e9s ont principalement lieu dans des gymnases, nous proposons aux adultes qui le souhaitent des sorties sur les falaises de la r\u00e9gion.<\/h6>\n<p>&nbsp;<\/p>\n<h6>Ce club est aussi une association dont le fonctionnement repose enti\u00e8rement sur le b\u00e9n\u00e9volat ; nous souhaitons que les adh\u00e9rents (ou leurs parents) participent activement \u00e0 l\u2019organisation de la comp\u00e9tition ou des sorties \u00ab\u00a0jeunes\u00a0\u00bb, et soient pr\u00e9sents \u00e0 l\u2019assembl\u00e9e g\u00e9n\u00e9rale.<\/h6>\n<p>&nbsp;<\/p>\n<h6>Nous formons continuellement de nouveaux initiateurs afin d\u2019accueillir les jeunes et adultes, de plus en plus nombreux \u00e0 vouloir pratiquer l\u2019escalade,<\/h6>\n<\/div>\n<\/div><\/div><\/div><div id=\"pgc-233-1-1\"  class=\"panel-grid-cell\" ><div id=\"panel-233-1-1-0\" class=\"so-panel widget widget_sow-editor panel-first-child\" data-index=\"2\" ><div\n\t\t\t\n\t\t\tclass=\"so-widget-sow-editor so-widget-sow-editor-base\"\n\t\t\t\n\t\t>\n<div class=\"siteorigin-widget-tinymce textwidget\">\n\t<p><u>Les initiateurs (saison 2025\/2026)<\/u><\/p>\n<ul>\n<li>L\u00e9ane Cordier-Th\u00e9riot<\/li>\n<li>Patrick Cucherat p\u00f4le espoirs<\/li>\n<li>Max Faro p\u00f4le espoirs<\/li>\n<li>Julie Fraysse cours du jeudi \u2013 18h00 \u00e0 Fareins<\/li>\n<li>Renaud Gardon cours du lundi - 17h15 \u00e0 Fareins<\/li>\n<li>Maxime Hodier cours du mardi - 18h30 \u00e0 Fareins<\/li>\n<li>Dominique Jouanneau cours du mercredi - 15h00 \u00e0 Fareins<\/li>\n<li>Mario Xavier Martins Calhau cours du jeudi\u00a0 - 19h15 \u00e0 Fareins et perfectionnement adultes<\/li>\n<li>Camille Laroche<\/li>\n<li>Corentin Leblanc<\/li>\n<li>Hugo Leroy<\/li>\n<li>Tariq Mezani cours du lundi - 17h15 \u00e0 Fareins<\/li>\n<li>Patricia Nabet cours du lundi\u00a0 - 18h30\u00a0\u00e0 Fareins<\/li>\n<li>S\u00e9bastien Nebut cours du mercredi - 18h00 \u00e0 Reyrieux<\/li>\n<li>Jean-Fran\u00e7ois Nugues sorties adultes<\/li>\n<li>Elise Pouard cours du mercredi - 17h30 \u00e0 Fareins<\/li>\n<li>S\u00e9bastien Pruvost cours du vendredi - 18h15 \u00e0 Reyrieux<\/li>\n<li>Numa Renaud cours du mardi - 18h00 \u00e0 Fareins<\/li>\n<li>Laura Sanchez Calvo cours du mercredi - 16h15 \u00e0 Fareins<\/li>\n<li>Mathis Sivade cours du jeudi\u00a0 - 19h15 \u00e0 Fareins et perfectionnement adultes<\/li>\n<li>Jean-Claude Trombetta cours du mercredi - 18h00 \u00e0 Fareins<\/li>\n<li>Isabelle Zoude cours du jeudi \u2013 18h00 \u00e0 Fareins<\/li>\n<\/ul>\n<\/div>\n<\/div><\/div><div id=\"panel-233-1-1-1\" class=\"so-panel widget widget_sow-editor\" data-index=\"3\" ><div\n\t\t\t\n\t\t\tclass=\"so-widget-sow-editor so-widget-sow-editor-base\"\n\t\t\t\n\t\t>\n<div class=\"siteorigin-widget-tinymce textwidget\">\n\t<p><u>Le bureau de l'association :<\/u><\/p>\n<ul>\n<li>Dominique Jouanneau - pr\u00e9sident<\/li>\n<li>Mario-Xavier Martins Calhau - vice-pr\u00e9sident<\/li>\n<li>S\u00e9bastien Pruvost - secr\u00e9taire<\/li>\n<li>Laura Sanchez Calvo - secr\u00e9taire adjointe<\/li>\n<li>Jean-Fran\u00e7ois Nugues - tr\u00e9sorier<\/li>\n<li>Mathis Sivade - tr\u00e9sorier adjoint<\/li>\n<li>Jean-Claude Trombetta - gestionnaire EPI<\/li>\n<\/ul>\n<\/div>\n<\/div><\/div><div id=\"panel-233-1-1-2\" class=\"so-panel widget widget_sow-editor panel-last-child\" data-index=\"4\" ><div\n\t\t\t\n\t\t\tclass=\"so-widget-sow-editor so-widget-sow-editor-base\"\n\t\t\t\n\t\t>\n<div class=\"siteorigin-widget-tinymce textwidget\">\n\t<p><u>Le comit\u00e9 de direction :<\/u><\/p>\n<ul>\n<li>Tous les membres du bureau<\/li>\n<li>Patrick Cucherat<\/li>\n<li>Tariq Mezani<\/li>\n<li>Numa Renaud<\/li>\n<li>Elisabeth Ventura<\/li>\n<\/ul>\n<p>&nbsp;<\/p>\n<p>&nbsp;<\/p>\n<p><u>Gestion des EPI :<\/u><\/p>\n<ul>\n<li>Jean-Claude Trombetta<\/li>\n<\/ul>\n<\/div>\n<\/div><\/div><\/div><\/div><div id=\"pg-233-2\"  class=\"panel-grid panel-no-style\" ><div id=\"pgc-233-2-0\"  class=\"panel-grid-cell\" ><div id=\"panel-233-2-0-0\" class=\"so-panel widget widget_sow-editor panel-first-child panel-last-child\" data-index=\"5\" ><div\n\t\t\t\n\t\t\tclass=\"so-widget-sow-editor so-widget-sow-editor-base\"\n\t\t\t\n\t\t>\n<div class=\"siteorigin-widget-tinymce textwidget\">\n\t<h2 style=\"text-align: center;\"><em>Adresse<\/em><\/h2>\n<p>&nbsp;<\/p>\n<p style=\"text-align: center;\">Grimp'Passion<\/p>\n<p style=\"text-align: center;\">Mairie de Jassans<\/p>\n<p style=\"text-align: center;\">315 rue Edouard Herriot<\/p>\n<p style=\"text-align: center;\">01480 Jassans-Riottier<\/p>\n<\/div>\n<\/div><\/div><\/div><\/div><\/div>","protected":false},"excerpt":{"rendered":"<p>Lien vers la page :\u00a0Inscriptions saison 2025 &#8211; 2026 Assembl\u00e9e G\u00e9n\u00e9rale Grimp\u2019Passion est un club de l\u2019Ain dont l\u2019objectif est de favoriser la pratique de l\u2019escalade sur un territoire situ\u00e9 dans le sud-ouest du d\u00e9partement. Grimp\u2019Passion est affili\u00e9 \u00e0 la FFME (F\u00e9d\u00e9ration Fran\u00e7aise de Montagne et d\u2019Escalade), le nombre de membres est actuellement de 250. [&hellip;]<\/p>\n","protected":false},"author":1,"featured_media":0,"parent":0,"menu_order":0,"comment_status":"closed","ping_status":"closed","template":"","meta":{"footnotes":""},"class_list":["post-233","page","type-page","status-publish","hentry"],"_links":{"self":[{"href":"https:\/\/grimppassion.fr\/index.php?rest_route=\/wp\/v2\/pages\/233","targetHints":{"allow":["GET"]}}],"collection":[{"href":"https:\/\/grimppassion.fr\/index.php?rest_route=\/wp\/v2\/pages"}],"about":[{"href":"https:\/\/grimppassion.fr\/index.php?rest_route=\/wp\/v2\/types\/page"}],"author":[{"embeddable":true,"href":"https:\/\/grimppassion.fr\/index.php?rest_route=\/wp\/v2\/users\/1"}],"replies":[{"embeddable":true,"href":"https:\/\/grimppassion.fr\/index.php?rest_route=%2Fwp%2Fv2%2Fcomments&post=233"}],"version-history":[{"count":76,"href":"https:\/\/grimppassion.fr\/index.php?rest_route=\/wp\/v2\/pages\/233\/revisions"}],"predecessor-version":[{"id":1358,"href":"https:\/\/grimppassion.fr\/index.php?rest_route=\/wp\/v2\/pages\/233\/revisions\/1358"}],"wp:attachment":[{"href":"https:\/\/grimppassion.fr\/index.php?rest_route=%2Fwp%2Fv2%2Fmedia&parent=233"}],"curies":[{"name":"wp","href":"https:\/\/api.w.org\/{rel}","templated":true}]}}