{"id":273,"date":"2021-08-23T22:19:43","date_gmt":"2021-08-23T20:19:43","guid":{"rendered":"http:\/\/grimppassion.fr\/?page_id=273"},"modified":"2025-06-22T23:12:11","modified_gmt":"2025-06-22T21:12:11","slug":"les-cours","status":"publish","type":"page","link":"https:\/\/grimppassion.fr\/?page_id=273","title":{"rendered":"Les cours"},"content":{"rendered":"<div id=\"pl-273\"  class=\"panel-layout\" ><div id=\"pg-273-0\"  class=\"panel-grid panel-no-style\" ><div id=\"pgc-273-0-0\"  class=\"panel-grid-cell\" ><div id=\"panel-273-0-0-0\" class=\"so-panel widget widget_sow-editor panel-first-child panel-last-child\" data-index=\"0\" ><div\n\t\t\t\n\t\t\tclass=\"so-widget-sow-editor so-widget-sow-editor-base\"\n\t\t\t\n\t\t>\n<div class=\"siteorigin-widget-tinymce textwidget\">\n\t<h3 style=\"text-align: center;\"><span style=\"color: #3366ff;\">Planning pr\u00e9visionnel des s\u00e9ances 2025-2026<\/span><\/h3>\n<p>&nbsp;<\/p>\n<p>Dans ce planning ne figurent pas la s\u00e9ance \"famille\" du samedi 10h \u00e0 12h qui est reconduite, les s\u00e9ances \"p\u00f4le espoirs\" du lundi et du vendredi ainsi que la s\u00e9ance de perfectionnement adultes du vendredi.<\/p>\n<p><a href=\"http:\/\/grimppassion.fr\/wp-content\/uploads\/2025\/06\/2026_creneaux-1.pdf\" target=\"_blank\" rel=\"noopener\">cr\u00e9neaux_2026<\/a><\/p>\n<p><img loading=\"lazy\" decoding=\"async\" class=\"aligncenter wp-image-1302 size-full\" src=\"http:\/\/grimppassion.fr\/wp-content\/uploads\/2025\/06\/2026-creneaux.png\" alt=\"\" width=\"1247\" height=\"837\" srcset=\"https:\/\/grimppassion.fr\/wp-content\/uploads\/2025\/06\/2026-creneaux.png 1247w, https:\/\/grimppassion.fr\/wp-content\/uploads\/2025\/06\/2026-creneaux-300x201.png 300w, https:\/\/grimppassion.fr\/wp-content\/uploads\/2025\/06\/2026-creneaux-1024x687.png 1024w, https:\/\/grimppassion.fr\/wp-content\/uploads\/2025\/06\/2026-creneaux-768x515.png 768w, https:\/\/grimppassion.fr\/wp-content\/uploads\/2025\/06\/2026-creneaux-272x182.png 272w\" sizes=\"auto, (max-width: 1247px) 100vw, 1247px\" \/><\/p>\n<p>&nbsp;<\/p>\n<\/div>\n<\/div><\/div><\/div><\/div><\/div>","protected":false},"excerpt":{"rendered":"<p>Planning pr\u00e9visionnel des s\u00e9ances 2025-2026 &nbsp; Dans ce planning ne figurent pas la s\u00e9ance \u00ab\u00a0famille\u00a0\u00bb du samedi 10h \u00e0 12h qui est reconduite, les s\u00e9ances \u00ab\u00a0p\u00f4le espoirs\u00a0\u00bb du lundi et du vendredi ainsi que la s\u00e9ance de perfectionnement adultes du vendredi. cr\u00e9neaux_2026 &nbsp;<\/p>\n","protected":false},"author":1,"featured_media":0,"parent":0,"menu_order":0,"comment_status":"closed","ping_status":"closed","template":"","meta":{"footnotes":""},"class_list":["post-273","page","type-page","status-publish","hentry"],"_links":{"self":[{"href":"https:\/\/grimppassion.fr\/index.php?rest_route=\/wp\/v2\/pages\/273","targetHints":{"allow":["GET"]}}],"collection":[{"href":"https:\/\/grimppassion.fr\/index.php?rest_route=\/wp\/v2\/pages"}],"about":[{"href":"https:\/\/grimppassion.fr\/index.php?rest_route=\/wp\/v2\/types\/page"}],"author":[{"embeddable":true,"href":"https:\/\/grimppassion.fr\/index.php?rest_route=\/wp\/v2\/users\/1"}],"replies":[{"embeddable":true,"href":"https:\/\/grimppassion.fr\/index.php?rest_route=%2Fwp%2Fv2%2Fcomments&post=273"}],"version-history":[{"count":18,"href":"https:\/\/grimppassion.fr\/index.php?rest_route=\/wp\/v2\/pages\/273\/revisions"}],"predecessor-version":[{"id":1307,"href":"https:\/\/grimppassion.fr\/index.php?rest_route=\/wp\/v2\/pages\/273\/revisions\/1307"}],"wp:attachment":[{"href":"https:\/\/grimppassion.fr\/index.php?rest_route=%2Fwp%2Fv2%2Fmedia&parent=273"}],"curies":[{"name":"wp","href":"https:\/\/api.w.org\/{rel}","templated":true}]}}