{"id":375,"date":"2021-08-31T20:56:24","date_gmt":"2021-08-31T18:56:24","guid":{"rendered":"https:\/\/grimppassion.fr\/?page_id=375"},"modified":"2021-12-17T22:05:20","modified_gmt":"2021-12-17T21:05:20","slug":"les-murs-2","status":"publish","type":"page","link":"https:\/\/grimppassion.fr\/?page_id=375","title":{"rendered":"Les Murs"},"content":{"rendered":"<div id=\"pl-375\"  class=\"panel-layout\" ><div id=\"pg-375-0\"  class=\"panel-grid panel-no-style\" ><div id=\"pgc-375-0-0\"  class=\"panel-grid-cell\" ><div id=\"panel-375-0-0-0\" class=\"so-panel widget widget_sow-editor panel-first-child\" data-index=\"0\" ><div\n\t\t\t\n\t\t\tclass=\"so-widget-sow-editor so-widget-sow-editor-base\"\n\t\t\t\n\t\t>\n<div class=\"siteorigin-widget-tinymce textwidget\">\n\t<h2 style=\"text-align: center;\">Le mur de Fareins<\/h2>\n<h2 style=\"text-align: left;\"><a href=\"http:\/\/grimppassion.fr\/wp-content\/uploads\/2021\/08\/mur-fareins-big-file.jpg\"><img loading=\"lazy\" decoding=\"async\" class=\"alignleft wp-image-99\" src=\"http:\/\/grimppassion.fr\/wp-content\/uploads\/2021\/08\/mur-fareins-300x180.jpg\" alt=\"\" width=\"465\" height=\"279\" srcset=\"https:\/\/grimppassion.fr\/wp-content\/uploads\/2021\/08\/mur-fareins-300x180.jpg 300w, https:\/\/grimppassion.fr\/wp-content\/uploads\/2021\/08\/mur-fareins.jpg 434w\" sizes=\"auto, (max-width: 465px) 100vw, 465px\" \/><\/a><\/h2>\n<div class=\"siteorigin-widget-tinymce textwidget\">\n<p>&nbsp;<\/p>\n<p><em>hauteur = 9 m \u00e0 11 m,<\/em><\/p>\n<p><em>lin\u00e9aire = 33 m,\u00a0<\/em><\/p>\n<p><em>avanc\u00e9e maximale = 5 m<\/em><\/p>\n<p><em>public : enfants \u00e0 partir de 8 ans, adolescents et adultes<\/em><\/p>\n<p><em>nombre de voies : 60 environ<\/em><\/p>\n<p><em>difficult\u00e9 : 4a \u00e0 7c<\/em><\/p>\n<\/div>\n<p>&nbsp;<\/p>\n<p>&nbsp;<\/p>\n<\/div>\n<\/div><\/div><div id=\"panel-375-0-0-1\" class=\"so-panel widget widget_sow-editor panel-last-child\" data-index=\"1\" ><div\n\t\t\t\n\t\t\tclass=\"so-widget-sow-editor so-widget-sow-editor-base\"\n\t\t\t\n\t\t>\n<div class=\"siteorigin-widget-tinymce textwidget\">\n\t<h2 style=\"text-align: center;\">Le mur de Reyrieux<\/h2>\n<p><a href=\"http:\/\/grimppassion.fr\/wp-content\/uploads\/2021\/08\/Mur-reyrieux-nouvelles-voies-big-file-scaled-e1630435690516.jpg\"><img loading=\"lazy\" decoding=\"async\" class=\"alignleft wp-image-343 \" src=\"http:\/\/grimppassion.fr\/wp-content\/uploads\/2021\/08\/Mur-reyrieux-nouvelles-voies-300x225.jpg\" alt=\"\" width=\"439\" height=\"329\" srcset=\"https:\/\/grimppassion.fr\/wp-content\/uploads\/2021\/08\/Mur-reyrieux-nouvelles-voies-300x225.jpg 300w, https:\/\/grimppassion.fr\/wp-content\/uploads\/2021\/08\/Mur-reyrieux-nouvelles-voies-768x577.jpg 768w, https:\/\/grimppassion.fr\/wp-content\/uploads\/2021\/08\/Mur-reyrieux-nouvelles-voies.jpg 1019w\" sizes=\"auto, (max-width: 439px) 100vw, 439px\" \/><\/a><\/p>\n<h3 class=\"widget-title\"><\/h3>\n<div class=\"siteorigin-widget-tinymce textwidget\">\n<p><em>hauteur = 9 m,<\/em><\/p>\n<p><em>lin\u00e9aire = 20 m,\u00a0<\/em><\/p>\n<p><em>avanc\u00e9e maximale = 1 m<\/em><\/p>\n<p><em>public : enfants \u00e0 partir de 8 ans et jusqu\u2019\u00e0 14 ans<\/em><\/p>\n<p><em>nombre de voies : 40 environ<\/em><\/p>\n<p><em>difficult\u00e9 : 4a \u00e0 7a<\/em><\/p>\n<\/div>\n<p>&nbsp;<\/p>\n<p>&nbsp;<\/p>\n<p>&nbsp;<\/p>\n<\/div>\n<\/div><\/div><\/div><\/div><\/div>","protected":false},"excerpt":{"rendered":"<p>Le mur de Fareins &nbsp; hauteur = 9 m \u00e0 11 m, lin\u00e9aire = 33 m,\u00a0 avanc\u00e9e maximale = 5 m public : enfants \u00e0 partir de 8 ans, adolescents et adultes nombre de voies : 60 environ difficult\u00e9 : 4a \u00e0 7c &nbsp; &nbsp; Le mur de Reyrieux hauteur = 9 m, lin\u00e9aire = [&hellip;]<\/p>\n","protected":false},"author":2,"featured_media":0,"parent":0,"menu_order":0,"comment_status":"closed","ping_status":"closed","template":"","meta":{"footnotes":""},"class_list":["post-375","page","type-page","status-publish","hentry"],"_links":{"self":[{"href":"https:\/\/grimppassion.fr\/index.php?rest_route=\/wp\/v2\/pages\/375","targetHints":{"allow":["GET"]}}],"collection":[{"href":"https:\/\/grimppassion.fr\/index.php?rest_route=\/wp\/v2\/pages"}],"about":[{"href":"https:\/\/grimppassion.fr\/index.php?rest_route=\/wp\/v2\/types\/page"}],"author":[{"embeddable":true,"href":"https:\/\/grimppassion.fr\/index.php?rest_route=\/wp\/v2\/users\/2"}],"replies":[{"embeddable":true,"href":"https:\/\/grimppassion.fr\/index.php?rest_route=%2Fwp%2Fv2%2Fcomments&post=375"}],"version-history":[{"count":14,"href":"https:\/\/grimppassion.fr\/index.php?rest_route=\/wp\/v2\/pages\/375\/revisions"}],"predecessor-version":[{"id":451,"href":"https:\/\/grimppassion.fr\/index.php?rest_route=\/wp\/v2\/pages\/375\/revisions\/451"}],"wp:attachment":[{"href":"https:\/\/grimppassion.fr\/index.php?rest_route=%2Fwp%2Fv2%2Fmedia&parent=375"}],"curies":[{"name":"wp","href":"https:\/\/api.w.org\/{rel}","templated":true}]}}